{"id":15,"date":"2024-11-22T18:49:35","date_gmt":"2024-11-22T18:49:35","guid":{"rendered":"https:\/\/akipropiedades.cl\/?page_id=15"},"modified":"2024-12-01T04:40:22","modified_gmt":"2024-12-01T04:40:22","slug":"acerca-de-nosotros","status":"publish","type":"page","link":"https:\/\/akipropiedades.cl\/index.php\/acerca-de-nosotros\/","title":{"rendered":"ACERCA DE NOSOTROS"},"content":{"rendered":"\n<figure class=\"wp-block-image size-full\"><img loading=\"lazy\" decoding=\"async\" width=\"507\" height=\"218\" src=\"https:\/\/akipropiedades.cl\/wp-content\/uploads\/2024\/12\/Logo.png\" alt=\"\" class=\"wp-image-291\" srcset=\"https:\/\/akipropiedades.cl\/wp-content\/uploads\/2024\/12\/Logo.png 507w, https:\/\/akipropiedades.cl\/wp-content\/uploads\/2024\/12\/Logo-300x129.png 300w\" sizes=\"auto, (max-width: 507px) 100vw, 507px\" \/><\/figure>\n\n\n\n<p class=\"has-text-align-left\" style=\"font-size:20px\">AKI Propiedades con mas de 22 a\u00f1os en el rubro Inmobiliario integral. Ayudando y entregando soluciones inmobiliarias para personas, empresas, e instituciones. Queremos ofrecer una experiencia inmobiliaria que combine asesoramiento experto con una atenci\u00f3n personalizada, asegurando as\u00ed la satisfacci\u00f3n de todos nuestros clientes.<br>A lo largo de los a\u00f1os hemos construido una reputaci\u00f3n basada en el cumplimiento, la transparencia y la atenci\u00f3n a las necesidades de cada cliente.<\/p>\n\n\n\n<div class=\"wp-block-columns is-layout-flex wp-container-core-columns-is-layout-9d6595d7 wp-block-columns-is-layout-flex\">\n<div class=\"wp-block-column is-layout-flow wp-block-column-is-layout-flow\">\n<div class=\"wp-block-cover\"><span aria-hidden=\"true\" class=\"wp-block-cover__background has-background-dim\"><\/span><img loading=\"lazy\" decoding=\"async\" width=\"1024\" height=\"683\" class=\"wp-block-cover__image-background wp-image-297\" alt=\"\" src=\"https:\/\/akipropiedades.cl\/wp-content\/uploads\/2024\/12\/headway-537308-unsplash-1024x683.jpg\" data-object-fit=\"cover\" srcset=\"https:\/\/akipropiedades.cl\/wp-content\/uploads\/2024\/12\/headway-537308-unsplash-1024x683.jpg 1024w, https:\/\/akipropiedades.cl\/wp-content\/uploads\/2024\/12\/headway-537308-unsplash-300x200.jpg 300w, https:\/\/akipropiedades.cl\/wp-content\/uploads\/2024\/12\/headway-537308-unsplash-768x512.jpg 768w, https:\/\/akipropiedades.cl\/wp-content\/uploads\/2024\/12\/headway-537308-unsplash-1536x1024.jpg 1536w, https:\/\/akipropiedades.cl\/wp-content\/uploads\/2024\/12\/headway-537308-unsplash-2048x1365.jpg 2048w\" sizes=\"auto, (max-width: 1024px) 100vw, 1024px\" \/><div class=\"wp-block-cover__inner-container is-layout-flow wp-block-cover-is-layout-flow\">\n<p class=\"has-text-align-center has-medium-font-size\">ENTREGAMOS SOLUCIONES PROFESIONALES EN EL MANEJO DE TU PROPIEDAD, GESTIONANDO SU ARRIENDO O VENTA.<\/p>\n<\/div><\/div>\n<\/div>\n\n\n\n<div class=\"wp-block-column is-layout-flow wp-block-column-is-layout-flow\">\n<div class=\"wp-block-cover\"><span aria-hidden=\"true\" class=\"wp-block-cover__background has-background-dim\"><\/span><img loading=\"lazy\" decoding=\"async\" width=\"1024\" height=\"683\" class=\"wp-block-cover__image-background wp-image-298\" alt=\"\" src=\"https:\/\/akipropiedades.cl\/wp-content\/uploads\/2024\/12\/kaboompics_A-woman-works-at-a-desk-with-a-laptop-and-a-cup-of-coffee-1024x683.jpg\" data-object-fit=\"cover\" srcset=\"https:\/\/akipropiedades.cl\/wp-content\/uploads\/2024\/12\/kaboompics_A-woman-works-at-a-desk-with-a-laptop-and-a-cup-of-coffee-1024x683.jpg 1024w, https:\/\/akipropiedades.cl\/wp-content\/uploads\/2024\/12\/kaboompics_A-woman-works-at-a-desk-with-a-laptop-and-a-cup-of-coffee-300x200.jpg 300w, https:\/\/akipropiedades.cl\/wp-content\/uploads\/2024\/12\/kaboompics_A-woman-works-at-a-desk-with-a-laptop-and-a-cup-of-coffee-768x512.jpg 768w, https:\/\/akipropiedades.cl\/wp-content\/uploads\/2024\/12\/kaboompics_A-woman-works-at-a-desk-with-a-laptop-and-a-cup-of-coffee-1536x1024.jpg 1536w, https:\/\/akipropiedades.cl\/wp-content\/uploads\/2024\/12\/kaboompics_A-woman-works-at-a-desk-with-a-laptop-and-a-cup-of-coffee-2048x1365.jpg 2048w\" sizes=\"auto, (max-width: 1024px) 100vw, 1024px\" \/><div class=\"wp-block-cover__inner-container is-layout-flow wp-block-cover-is-layout-flow\">\n<p class=\"has-text-align-center has-medium-font-size\">TENEMOS AMPLIAS Y VARIADAS OPCIONES PARA ESA PROPIEDADES QUE ESTAS BUSCANDO. <\/p>\n<\/div><\/div>\n<\/div>\n<\/div>\n\n\n\n<p class=\"has-medium-font-size\">Utiliza cualquiera de nuestros canales de comunicaci\u00f3n:<\/p>\n\n\n\n<div class=\"wp-block-columns is-layout-flex wp-container-core-columns-is-layout-9d6595d7 wp-block-columns-is-layout-flex\">\n<div class=\"wp-block-column is-layout-flow wp-block-column-is-layout-flow\">\n<figure class=\"wp-block-image size-full\"><a href=\"mailto:christian.anabalon@gmail.com\"><img loading=\"lazy\" decoding=\"async\" width=\"350\" height=\"53\" src=\"https:\/\/akipropiedades.cl\/wp-content\/uploads\/2024\/11\/correo.png\" alt=\"\" class=\"wp-image-83\" srcset=\"https:\/\/akipropiedades.cl\/wp-content\/uploads\/2024\/11\/correo.png 350w, https:\/\/akipropiedades.cl\/wp-content\/uploads\/2024\/11\/correo-300x45.png 300w\" sizes=\"auto, (max-width: 350px) 100vw, 350px\" \/><\/a><\/figure>\n<\/div>\n\n\n\n<div class=\"wp-block-column is-layout-flow wp-block-column-is-layout-flow\">\n<figure class=\"wp-block-image size-full\"><a href=\"https:\/\/wa.me\/56978559471\"><img loading=\"lazy\" decoding=\"async\" width=\"350\" height=\"53\" src=\"https:\/\/akipropiedades.cl\/wp-content\/uploads\/2024\/11\/whatsapp.png\" alt=\"\" class=\"wp-image-91\" srcset=\"https:\/\/akipropiedades.cl\/wp-content\/uploads\/2024\/11\/whatsapp.png 350w, https:\/\/akipropiedades.cl\/wp-content\/uploads\/2024\/11\/whatsapp-300x45.png 300w\" sizes=\"auto, (max-width: 350px) 100vw, 350px\" \/><\/a><\/figure>\n<\/div>\n\n\n\n<div class=\"wp-block-column is-layout-flow wp-block-column-is-layout-flow\">\n<figure class=\"wp-block-image size-full\"><a href=\"tel:+56-978-559-471\"><img loading=\"lazy\" decoding=\"async\" width=\"350\" height=\"53\" src=\"https:\/\/akipropiedades.cl\/wp-content\/uploads\/2024\/11\/telefono.png\" alt=\"\" class=\"wp-image-100\" srcset=\"https:\/\/akipropiedades.cl\/wp-content\/uploads\/2024\/11\/telefono.png 350w, https:\/\/akipropiedades.cl\/wp-content\/uploads\/2024\/11\/telefono-300x45.png 300w\" sizes=\"auto, (max-width: 350px) 100vw, 350px\" \/><\/a><\/figure>\n<\/div>\n<\/div>\n\n\n\n<hr class=\"wp-block-separator has-alpha-channel-opacity\"\/>\n\n\n\n<hr class=\"wp-block-separator has-alpha-channel-opacity\"\/>\n\n\n\n<p><\/p>\n","protected":false},"excerpt":{"rendered":"<p>AKI Propiedades con mas de 22 a\u00f1os en el rubro Inmobiliario integral. Ayudando y entregando soluciones inmobiliarias para personas, empresas, e instituciones. Queremos ofrecer una experiencia inmobiliaria que combine asesoramiento experto con una atenci\u00f3n personalizada, asegurando as\u00ed la satisfacci\u00f3n de todos nuestros clientes.A lo largo de los a\u00f1os hemos construido una reputaci\u00f3n basada en el [&hellip;]<\/p>\n","protected":false},"author":1,"featured_media":0,"parent":0,"menu_order":0,"comment_status":"closed","ping_status":"closed","template":"","meta":{"footnotes":""},"class_list":["post-15","page","type-page","status-publish","hentry"],"_links":{"self":[{"href":"https:\/\/akipropiedades.cl\/index.php\/wp-json\/wp\/v2\/pages\/15","targetHints":{"allow":["GET"]}}],"collection":[{"href":"https:\/\/akipropiedades.cl\/index.php\/wp-json\/wp\/v2\/pages"}],"about":[{"href":"https:\/\/akipropiedades.cl\/index.php\/wp-json\/wp\/v2\/types\/page"}],"author":[{"embeddable":true,"href":"https:\/\/akipropiedades.cl\/index.php\/wp-json\/wp\/v2\/users\/1"}],"replies":[{"embeddable":true,"href":"https:\/\/akipropiedades.cl\/index.php\/wp-json\/wp\/v2\/comments?post=15"}],"version-history":[{"count":11,"href":"https:\/\/akipropiedades.cl\/index.php\/wp-json\/wp\/v2\/pages\/15\/revisions"}],"predecessor-version":[{"id":310,"href":"https:\/\/akipropiedades.cl\/index.php\/wp-json\/wp\/v2\/pages\/15\/revisions\/310"}],"wp:attachment":[{"href":"https:\/\/akipropiedades.cl\/index.php\/wp-json\/wp\/v2\/media?parent=15"}],"curies":[{"name":"wp","href":"https:\/\/api.w.org\/{rel}","templated":true}]}}