{"id":75,"date":"2024-11-25T01:43:28","date_gmt":"2024-11-25T01:43:28","guid":{"rendered":"https:\/\/akipropiedades.cl\/?page_id=75"},"modified":"2025-02-08T17:18:56","modified_gmt":"2025-02-08T21:18:56","slug":"75-2","status":"publish","type":"page","link":"https:\/\/akipropiedades.cl\/index.php\/75-2\/","title":{"rendered":"CONTACTO"},"content":{"rendered":"\n<figure class=\"wp-block-image size-full\"><img loading=\"lazy\" decoding=\"async\" width=\"442\" height=\"71\" src=\"https:\/\/akipropiedades.cl\/wp-content\/uploads\/2024\/11\/contactenos.png\" alt=\"\" class=\"wp-image-80\" srcset=\"https:\/\/akipropiedades.cl\/wp-content\/uploads\/2024\/11\/contactenos.png 442w, https:\/\/akipropiedades.cl\/wp-content\/uploads\/2024\/11\/contactenos-300x48.png 300w\" sizes=\"auto, (max-width: 442px) 100vw, 442px\" \/><\/figure>\n\n\n\n<pre class=\"wp-block-preformatted has-black-color has-text-color has-link-color has-medium-font-size wp-elements-339c6d66eb18c90dca8aa8d39eea0c31\">UTILIZA ALGUNO DE NUESTROS CANALES DE COMUNICACI\u00d3N E INDICANOS TU CONSULTA O INQUETUD, RESPONDEREMOS O DESPEJAREMOS TUS DUDAS E INQUETUDES A LA BREVEDAD.<\/pre>\n\n\n\n<div class=\"wp-block-columns is-layout-flex wp-container-core-columns-is-layout-9d6595d7 wp-block-columns-is-layout-flex\">\n<div class=\"wp-block-column is-layout-flow wp-block-column-is-layout-flow\">\n<p class=\"has-text-align-center has-black-color has-text-color has-link-color wp-elements-a7e5117ad320ef9d6773444e979f3be3\" style=\"font-size:18px\">Escr\u00edbenos un Correo, y env\u00edanos la informaci\u00f3n responderemos a la brevedad.<\/p>\n\n\n\n<figure class=\"wp-block-image size-full\"><a href=\"mailto:christian.anabalon@gmail.com\"><img loading=\"lazy\" decoding=\"async\" width=\"350\" height=\"53\" src=\"https:\/\/akipropiedades.cl\/wp-content\/uploads\/2024\/11\/correo.png\" alt=\"\" class=\"wp-image-83\" srcset=\"https:\/\/akipropiedades.cl\/wp-content\/uploads\/2024\/11\/correo.png 350w, https:\/\/akipropiedades.cl\/wp-content\/uploads\/2024\/11\/correo-300x45.png 300w\" sizes=\"auto, (max-width: 350px) 100vw, 350px\" \/><\/a><\/figure>\n\n\n\n<p class=\"has-text-align-center has-black-color has-text-color has-link-color wp-elements-ec64d476bce76efca685537b68598b16\" style=\"font-size:18px\">M\u00e1ndanos un Mensaje de WhatsApp y la Ayuda ser\u00e1 instant\u00e1nea.<\/p>\n\n\n\n<figure class=\"wp-block-image size-full\"><a href=\"https:\/\/wa.me\/56978559471\"><img loading=\"lazy\" decoding=\"async\" width=\"350\" height=\"53\" src=\"https:\/\/akipropiedades.cl\/wp-content\/uploads\/2024\/11\/whatsapp.png\" alt=\"\" class=\"wp-image-91\" srcset=\"https:\/\/akipropiedades.cl\/wp-content\/uploads\/2024\/11\/whatsapp.png 350w, https:\/\/akipropiedades.cl\/wp-content\/uploads\/2024\/11\/whatsapp-300x45.png 300w\" sizes=\"auto, (max-width: 350px) 100vw, 350px\" \/><\/a><\/figure>\n\n\n\n<p class=\"has-text-align-center has-black-color has-text-color has-link-color wp-elements-eded253a832c2b27a2eec24ce74e6bc9\" style=\"font-size:18px\">O Ll\u00e1manos para una Atenci\u00f3n mucho mas personalizada.<\/p>\n\n\n\n<figure class=\"wp-block-image size-full\"><a href=\"tel:+56-978-559-471\"><img loading=\"lazy\" decoding=\"async\" width=\"350\" height=\"53\" src=\"https:\/\/akipropiedades.cl\/wp-content\/uploads\/2024\/11\/telefono.png\" alt=\"\" class=\"wp-image-100\" srcset=\"https:\/\/akipropiedades.cl\/wp-content\/uploads\/2024\/11\/telefono.png 350w, https:\/\/akipropiedades.cl\/wp-content\/uploads\/2024\/11\/telefono-300x45.png 300w\" sizes=\"auto, (max-width: 350px) 100vw, 350px\" \/><\/a><\/figure>\n\n\n\n<p class=\"has-black-color has-text-color has-link-color wp-elements-04f191b6f17b4b487fc6da2b43c21f84\" style=\"font-size:18px\"><\/p>\n<\/div>\n<\/div>\n\n\n\n<hr class=\"wp-block-separator has-alpha-channel-opacity\"\/>\n\n\n\n<hr class=\"wp-block-separator has-alpha-channel-opacity\"\/>\n\n\n\n<p><\/p>\n","protected":false},"excerpt":{"rendered":"<p>UTILIZA ALGUNO DE NUESTROS CANALES DE COMUNICACI\u00d3N E INDICANOS TU CONSULTA O INQUETUD, RESPONDEREMOS O DESPEJAREMOS TUS DUDAS E INQUETUDES A LA BREVEDAD. Escr\u00edbenos un Correo, y env\u00edanos la informaci\u00f3n responderemos a la brevedad. M\u00e1ndanos un Mensaje de WhatsApp y la Ayuda ser\u00e1 instant\u00e1nea. O Ll\u00e1manos para una Atenci\u00f3n mucho mas personalizada.<\/p>\n","protected":false},"author":1,"featured_media":0,"parent":0,"menu_order":0,"comment_status":"closed","ping_status":"closed","template":"","meta":{"footnotes":""},"class_list":["post-75","page","type-page","status-publish","hentry"],"_links":{"self":[{"href":"https:\/\/akipropiedades.cl\/index.php\/wp-json\/wp\/v2\/pages\/75","targetHints":{"allow":["GET"]}}],"collection":[{"href":"https:\/\/akipropiedades.cl\/index.php\/wp-json\/wp\/v2\/pages"}],"about":[{"href":"https:\/\/akipropiedades.cl\/index.php\/wp-json\/wp\/v2\/types\/page"}],"author":[{"embeddable":true,"href":"https:\/\/akipropiedades.cl\/index.php\/wp-json\/wp\/v2\/users\/1"}],"replies":[{"embeddable":true,"href":"https:\/\/akipropiedades.cl\/index.php\/wp-json\/wp\/v2\/comments?post=75"}],"version-history":[{"count":41,"href":"https:\/\/akipropiedades.cl\/index.php\/wp-json\/wp\/v2\/pages\/75\/revisions"}],"predecessor-version":[{"id":374,"href":"https:\/\/akipropiedades.cl\/index.php\/wp-json\/wp\/v2\/pages\/75\/revisions\/374"}],"wp:attachment":[{"href":"https:\/\/akipropiedades.cl\/index.php\/wp-json\/wp\/v2\/media?parent=75"}],"curies":[{"name":"wp","href":"https:\/\/api.w.org\/{rel}","templated":true}]}}